{"id":885,"date":"2023-09-30T09:46:32","date_gmt":"2023-09-30T06:46:32","guid":{"rendered":"https:\/\/racketlonfoundation.com\/pl\/?page_id=885"},"modified":"2023-10-04T22:13:24","modified_gmt":"2023-10-04T19:13:24","slug":"support-for-players-with-disabilities-photos-of-players-and-story","status":"publish","type":"page","link":"https:\/\/racketlonfoundation.com\/pl\/support-for-players-with-disabilities-photos-of-players-and-story\/","title":{"rendered":"Wsparcie dla zawodnik\u00f3w niepe\u0142nosprawnych: zdj\u0119cia zawodnik\u00f3w i historia"},"content":{"rendered":"\t\t<div data-elementor-type=\"wp-page\" data-elementor-id=\"885\" class=\"elementor elementor-885\">\n\t\t\t\t\t\t\t<div class=\"elementor-element elementor-element-eb4155f e-flex e-con-boxed e-con e-parent\" data-id=\"eb4155f\" data-element_type=\"container\" data-settings=\"{&quot;background_background&quot;:&quot;classic&quot;,&quot;content_width&quot;:&quot;boxed&quot;}\" data-core-v316-plus=\"true\">\n\t\t\t\t\t<div class=\"e-con-inner\">\n\t\t\t\t<div class=\"elementor-element elementor-element-0332b83 elementor-widget elementor-widget-heading\" data-id=\"0332b83\" data-element_type=\"widget\" data-widget_type=\"heading.default\">\n\t\t\t\t<div class=\"elementor-widget-container\">\n\t\t\t<style>\/*! elementor - v3.16.0 - 20-09-2023 *\/\n.elementor-heading-title{padding:0;margin:0;line-height:1}.elementor-widget-heading .elementor-heading-title[class*=elementor-size-]>a{color:inherit;font-size:inherit;line-height:inherit}.elementor-widget-heading .elementor-heading-title.elementor-size-small{font-size:15px}.elementor-widget-heading .elementor-heading-title.elementor-size-medium{font-size:19px}.elementor-widget-heading .elementor-heading-title.elementor-size-large{font-size:29px}.elementor-widget-heading .elementor-heading-title.elementor-size-xl{font-size:39px}.elementor-widget-heading .elementor-heading-title.elementor-size-xxl{font-size:59px}<\/style><h1 class=\"elementor-heading-title elementor-size-default\">Wsparcie dla os\u00f3b niepe\u0142nosprawnych i dom\u00f3w dziecka<\/h1>\t\t<\/div>\n\t\t\t\t<\/div>\n\t\t\t\t\t<\/div>\n\t\t\t\t<\/div>\n\t\t<div class=\"elementor-element elementor-element-d6babb6 e-flex e-con-boxed e-con e-parent\" data-id=\"d6babb6\" data-element_type=\"container\" data-settings=\"{&quot;content_width&quot;:&quot;boxed&quot;}\" data-core-v316-plus=\"true\">\n\t\t\t\t\t<div class=\"e-con-inner\">\n\t\t\t\t<div class=\"elementor-element elementor-element-5d8e220 elementor-widget elementor-widget-html\" data-id=\"5d8e220\" data-element_type=\"widget\" data-widget_type=\"html.default\">\n\t\t\t\t<div class=\"elementor-widget-container\">\n\t\t\t<iframe scr=\u201dhttps:\/\/masters-league.com\/en\/online\/\u201d height=\u201d400\u201d><\/iframe>\t\t<\/div>\n\t\t\t\t<\/div>\n\t\t\t\t\t<\/div>\n\t\t\t\t<\/div>\n\t\t\t\t\t\t\t<\/div>\n\t\t","protected":false},"excerpt":{"rendered":"<p>Wsparcie dla os\u00f3b niepe\u0142nosprawnych i dom\u00f3w dziecka<\/p>\n","protected":false},"author":1,"featured_media":0,"parent":0,"menu_order":0,"comment_status":"closed","ping_status":"closed","template":"","meta":{"site-sidebar-layout":"no-sidebar","site-content-layout":"","ast-site-content-layout":"full-width-container","site-content-style":"default","site-sidebar-style":"default","ast-global-header-display":"","ast-banner-title-visibility":"","ast-main-header-display":"","ast-hfb-above-header-display":"","ast-hfb-below-header-display":"","ast-hfb-mobile-header-display":"","site-post-title":"disabled","ast-breadcrumbs-content":"","ast-featured-img":"disabled","footer-sml-layout":"","theme-transparent-header-meta":"","adv-header-id-meta":"","stick-header-meta":"","header-above-stick-meta":"","header-main-stick-meta":"","header-below-stick-meta":"","astra-migrate-meta-layouts":"","footnotes":""},"class_list":["post-885","page","type-page","status-publish","hentry"],"_links":{"self":[{"href":"https:\/\/racketlonfoundation.com\/pl\/wp-json\/wp\/v2\/pages\/885","targetHints":{"allow":["GET"]}}],"collection":[{"href":"https:\/\/racketlonfoundation.com\/pl\/wp-json\/wp\/v2\/pages"}],"about":[{"href":"https:\/\/racketlonfoundation.com\/pl\/wp-json\/wp\/v2\/types\/page"}],"author":[{"embeddable":true,"href":"https:\/\/racketlonfoundation.com\/pl\/wp-json\/wp\/v2\/users\/1"}],"replies":[{"embeddable":true,"href":"https:\/\/racketlonfoundation.com\/pl\/wp-json\/wp\/v2\/comments?post=885"}],"version-history":[{"count":23,"href":"https:\/\/racketlonfoundation.com\/pl\/wp-json\/wp\/v2\/pages\/885\/revisions"}],"predecessor-version":[{"id":1073,"href":"https:\/\/racketlonfoundation.com\/pl\/wp-json\/wp\/v2\/pages\/885\/revisions\/1073"}],"wp:attachment":[{"href":"https:\/\/racketlonfoundation.com\/pl\/wp-json\/wp\/v2\/media?parent=885"}],"curies":[{"name":"wp","href":"https:\/\/api.w.org\/{rel}","templated":true}]}}