{"id":581,"date":"2023-09-26T18:20:44","date_gmt":"2023-09-26T15:20:44","guid":{"rendered":"https:\/\/racketlonfoundation.com\/pl\/?page_id=581"},"modified":"2023-10-26T08:38:01","modified_gmt":"2023-10-26T05:38:01","slug":"about-the-fund","status":"publish","type":"page","link":"https:\/\/racketlonfoundation.com\/pl\/about-the-fund\/","title":{"rendered":"O funduszu"},"content":{"rendered":"\t\t<div data-elementor-type=\"wp-page\" data-elementor-id=\"581\" class=\"elementor elementor-581\">\n\t\t\t\t\t\t\t<div class=\"elementor-element elementor-element-eb4155f e-flex e-con-boxed e-con e-parent\" data-id=\"eb4155f\" data-element_type=\"container\" data-settings=\"{&quot;background_background&quot;:&quot;classic&quot;,&quot;content_width&quot;:&quot;boxed&quot;}\" data-core-v316-plus=\"true\">\n\t\t\t\t\t<div class=\"e-con-inner\">\n\t\t\t\t<div class=\"elementor-element elementor-element-0332b83 elementor-widget elementor-widget-heading\" data-id=\"0332b83\" data-element_type=\"widget\" data-widget_type=\"heading.default\">\n\t\t\t\t<div class=\"elementor-widget-container\">\n\t\t\t<style>\/*! elementor - v3.16.0 - 20-09-2023 *\/\n.elementor-heading-title{padding:0;margin:0;line-height:1}.elementor-widget-heading .elementor-heading-title[class*=elementor-size-]>a{color:inherit;font-size:inherit;line-height:inherit}.elementor-widget-heading .elementor-heading-title.elementor-size-small{font-size:15px}.elementor-widget-heading .elementor-heading-title.elementor-size-medium{font-size:19px}.elementor-widget-heading .elementor-heading-title.elementor-size-large{font-size:29px}.elementor-widget-heading .elementor-heading-title.elementor-size-xl{font-size:39px}.elementor-widget-heading .elementor-heading-title.elementor-size-xxl{font-size:59px}<\/style><h1 class=\"elementor-heading-title elementor-size-default\">O funduszu<\/h1>\t\t<\/div>\n\t\t\t\t<\/div>\n\t\t\t\t\t<\/div>\n\t\t\t\t<\/div>\n\t\t<div class=\"elementor-element elementor-element-0a09730 e-flex e-con-boxed e-con e-parent\" data-id=\"0a09730\" data-element_type=\"container\" data-settings=\"{&quot;content_width&quot;:&quot;boxed&quot;}\" data-core-v316-plus=\"true\">\n\t\t\t\t\t<div class=\"e-con-inner\">\n\t\t<div class=\"elementor-element elementor-element-d37f618 e-con-full e-flex e-con e-child\" data-id=\"d37f618\" data-element_type=\"container\" data-settings=\"{&quot;content_width&quot;:&quot;full&quot;}\">\n\t\t\t\t<div class=\"elementor-element elementor-element-6bcc8d6 elementor-widget elementor-widget-image\" data-id=\"6bcc8d6\" data-element_type=\"widget\" data-widget_type=\"image.default\">\n\t\t\t\t<div class=\"elementor-widget-container\">\n\t\t\t<style>\/*! elementor - v3.16.0 - 20-09-2023 *\/\n.elementor-widget-image{text-align:center}.elementor-widget-image a{display:inline-block}.elementor-widget-image a img[src$=\".svg\"]{width:48px}.elementor-widget-image img{vertical-align:middle;display:inline-block}<\/style>\t\t\t\t\t\t\t\t\t\t\t\t<img loading=\"lazy\" decoding=\"async\" width=\"500\" height=\"500\" src=\"https:\/\/racketlonfoundation.com\/pl\/wp-content\/uploads\/2023\/09\/icon.jpg\" class=\"attachment-full size-full wp-image-339\" alt=\"\" srcset=\"https:\/\/racketlonfoundation.com\/pl\/wp-content\/uploads\/2023\/09\/icon.jpg 500w, https:\/\/racketlonfoundation.com\/pl\/wp-content\/uploads\/2023\/09\/icon-300x300.jpg 300w, https:\/\/racketlonfoundation.com\/pl\/wp-content\/uploads\/2023\/09\/icon-150x150.jpg 150w\" sizes=\"auto, (max-width: 500px) 100vw, 500px\" \/>\t\t\t\t\t\t\t\t\t\t\t\t\t\t\t<\/div>\n\t\t\t\t<\/div>\n\t\t\t\t<\/div>\n\t\t<div class=\"elementor-element elementor-element-fffb3e8 e-con-full e-flex e-con e-child\" data-id=\"fffb3e8\" data-element_type=\"container\" data-settings=\"{&quot;content_width&quot;:&quot;full&quot;}\">\n\t\t\t\t<div class=\"elementor-element elementor-element-bf9ffc3 elementor-widget elementor-widget-heading\" data-id=\"bf9ffc3\" data-element_type=\"widget\" data-widget_type=\"heading.default\">\n\t\t\t\t<div class=\"elementor-widget-container\">\n\t\t\t<h3 class=\"elementor-heading-title elementor-size-default\">Racketlon Masters Foundation<\/h3>\t\t<\/div>\n\t\t\t\t<\/div>\n\t\t\t\t<div class=\"elementor-element elementor-element-a4b47b3 elementor-widget elementor-widget-heading\" data-id=\"a4b47b3\" data-element_type=\"widget\" data-widget_type=\"heading.default\">\n\t\t\t\t<div class=\"elementor-widget-container\">\n\t\t\t<span class=\"elementor-heading-title elementor-size-default\">Fundacja Racketlon Masters powsta\u0142a w 2023 roku. Racketlon to nowoczesne i dynamiczne po\u0142\u0105czenie czterech dyscyplin sportowych: tenisa, tenisa sto\u0142owego, badmintona i squasha. \u0141\u0105czy w sobie elementy aktywno\u015bci, strategii i szybkiego reagowania. G\u0142\u00f3wnym celem fundacji jest pomoc w rozwoju sport\u00f3w wchodz\u0105cych w sk\u0142ad racketlonu. Za\u0142o\u017cyciele funduszu Aleksandr Smirnov i Pawe\u0142 Kibala s\u0105 mistrzami sportu w tenisie sto\u0142owym i rozumiej\u0105, jak wa\u017cne jest wspieranie rozwijaj\u0105cych si\u0119 sportowc\u00f3w. Pawe\u0142 i Aleksandr przez ca\u0142\u0105 swoj\u0105 karier\u0119 pomogli i nadal pomagaj\u0105 wielu dzieciom odkrywa\u0107 ich talenty oraz zapewniaj\u0105c lepszy start dla tych, kt\u00f3rzy nie posiadaj\u0105 \u015brodk\u00f3w na w\u0142asny rozw\u00f3j, inwestuj\u0105c swoje wysi\u0142ki i zbieraj\u0105c pieni\u0105dze na promocj\u0119 sportu w\u015br\u00f3d dzieci i os\u00f3b niepe\u0142nosprawnych.<\/span>\t\t<\/div>\n\t\t\t\t<\/div>\n\t\t\t\t<\/div>\n\t\t\t\t\t<\/div>\n\t\t\t\t<\/div>\n\t\t<div class=\"elementor-element elementor-element-941e8d4 e-flex e-con-boxed e-con e-parent\" data-id=\"941e8d4\" data-element_type=\"container\" data-settings=\"{&quot;content_width&quot;:&quot;boxed&quot;}\" data-core-v316-plus=\"true\">\n\t\t\t\t\t<div class=\"e-con-inner\">\n\t\t\t\t<div class=\"elementor-element elementor-element-358486b elementor-widget elementor-widget-heading\" data-id=\"358486b\" data-element_type=\"widget\" data-widget_type=\"heading.default\">\n\t\t\t\t<div class=\"elementor-widget-container\">\n\t\t\t<h2 class=\"elementor-heading-title elementor-size-default\">Nasza misja<\/h2>\t\t<\/div>\n\t\t\t\t<\/div>\n\t\t\t\t\t<\/div>\n\t\t\t\t<\/div>\n\t\t<div class=\"elementor-element elementor-element-3f330bb e-flex e-con-boxed e-con e-parent\" data-id=\"3f330bb\" data-element_type=\"container\" data-settings=\"{&quot;content_width&quot;:&quot;boxed&quot;}\" data-core-v316-plus=\"true\">\n\t\t\t\t\t<div class=\"e-con-inner\">\n\t\t<div class=\"elementor-element elementor-element-74c3df2 e-con-full e-flex e-con e-child\" data-id=\"74c3df2\" data-element_type=\"container\" data-settings=\"{&quot;content_width&quot;:&quot;full&quot;}\">\n\t\t\t\t<div class=\"elementor-element elementor-element-e17ce40 xpro-content-align-mobileleft elementor-widget elementor-widget-xpro-icon-box\" data-id=\"e17ce40\" data-element_type=\"widget\" data-widget_type=\"xpro-icon-box.default\">\n\t\t\t\t<div class=\"elementor-widget-container\">\n\t\t\t\r\n<a  class=\"xpro-box-icon-wrapper\">\r\n<div class=\"xpro-box-icon-wrapper-inner\">\r\n\t\r\n\t\t\t<span class=\"xpro-box-icon-item\">\r\n\t\t\t\t<i aria-hidden=\"true\" class=\"far fa-arrow-alt-circle-down\"><\/i>\t\t\t<\/span>\r\n\t\r\n\t<span class=\"xpro-box-icon-content\">\r\n\t\r\n\t\t\t\t\t<p class=\"xpro-box-icon-description\">Wsparcie dla os\u00f3b niepe\u0142nosprawnych i dom\u00f3w dziecka\n\n<\/p>\r\n\t\t\t\t\t<\/span>\r\n\r\n<\/div>\r\n<\/a>\r\n\t\t<\/div>\n\t\t\t\t<\/div>\n\t\t\t\t<\/div>\n\t\t<div class=\"elementor-element elementor-element-2f789ac e-con-full e-flex e-con e-child\" data-id=\"2f789ac\" data-element_type=\"container\" data-settings=\"{&quot;content_width&quot;:&quot;full&quot;}\">\n\t\t\t\t<div class=\"elementor-element elementor-element-78e989d xpro-content-align-mobileleft elementor-widget elementor-widget-xpro-icon-box\" data-id=\"78e989d\" data-element_type=\"widget\" data-widget_type=\"xpro-icon-box.default\">\n\t\t\t\t<div class=\"elementor-widget-container\">\n\t\t\t\r\n<a  class=\"xpro-box-icon-wrapper\">\r\n<div class=\"xpro-box-icon-wrapper-inner\">\r\n\t\r\n\t\t\t<span class=\"xpro-box-icon-item\">\r\n\t\t\t\t<i aria-hidden=\"true\" class=\"far fa-arrow-alt-circle-down\"><\/i>\t\t\t<\/span>\r\n\t\r\n\t<span class=\"xpro-box-icon-content\">\r\n\t\r\n\t\t\t\t\t<p class=\"xpro-box-icon-description\">Wspolpraca z federacjami<\/p>\r\n\t\t\t\t\t<\/span>\r\n\r\n<\/div>\r\n<\/a>\r\n\t\t<\/div>\n\t\t\t\t<\/div>\n\t\t\t\t<\/div>\n\t\t<div class=\"elementor-element elementor-element-716bae5 e-con-full e-flex e-con e-child\" data-id=\"716bae5\" data-element_type=\"container\" data-settings=\"{&quot;content_width&quot;:&quot;full&quot;}\">\n\t\t\t\t<div class=\"elementor-element elementor-element-91c799b xpro-content-align-mobileleft elementor-widget elementor-widget-xpro-icon-box\" data-id=\"91c799b\" data-element_type=\"widget\" data-widget_type=\"xpro-icon-box.default\">\n\t\t\t\t<div class=\"elementor-widget-container\">\n\t\t\t\r\n<a  class=\"xpro-box-icon-wrapper\">\r\n<div class=\"xpro-box-icon-wrapper-inner\">\r\n\t\r\n\t\t\t<span class=\"xpro-box-icon-item\">\r\n\t\t\t\t<i aria-hidden=\"true\" class=\"far fa-arrow-alt-circle-down\"><\/i>\t\t\t<\/span>\r\n\t\r\n\t<span class=\"xpro-box-icon-content\">\r\n\t\r\n\t\t\t\t\t<p class=\"xpro-box-icon-description\">Pomoc\n\n<\/p>\r\n\t\t\t\t\t<\/span>\r\n\r\n<\/div>\r\n<\/a>\r\n\t\t<\/div>\n\t\t\t\t<\/div>\n\t\t\t\t<\/div>\n\t\t<div class=\"elementor-element elementor-element-bcf9e1c e-con-full e-flex e-con e-child\" data-id=\"bcf9e1c\" data-element_type=\"container\" data-settings=\"{&quot;content_width&quot;:&quot;full&quot;}\">\n\t\t\t\t<div class=\"elementor-element elementor-element-df5aac2 xpro-content-align-mobileleft elementor-widget elementor-widget-xpro-icon-box\" data-id=\"df5aac2\" data-element_type=\"widget\" data-widget_type=\"xpro-icon-box.default\">\n\t\t\t\t<div class=\"elementor-widget-container\">\n\t\t\t\r\n<a  class=\"xpro-box-icon-wrapper\">\r\n<div class=\"xpro-box-icon-wrapper-inner\">\r\n\t\r\n\t\t\t<span class=\"xpro-box-icon-item\">\r\n\t\t\t\t<i aria-hidden=\"true\" class=\"far fa-arrow-alt-circle-down\"><\/i>\t\t\t<\/span>\r\n\t\r\n\t<span class=\"xpro-box-icon-content\">\r\n\t\r\n\t\t\t\t\t<p class=\"xpro-box-icon-description\">Organizacja turniejow\n<\/p>\r\n\t\t\t\t\t<\/span>\r\n\r\n<\/div>\r\n<\/a>\r\n\t\t<\/div>\n\t\t\t\t<\/div>\n\t\t\t\t<\/div>\n\t\t<div class=\"elementor-element elementor-element-b3a4f4f e-con-full e-flex e-con e-child\" data-id=\"b3a4f4f\" data-element_type=\"container\" data-settings=\"{&quot;content_width&quot;:&quot;full&quot;}\">\n\t\t\t\t<div class=\"elementor-element elementor-element-e6374c2 xpro-content-align-mobileleft elementor-widget elementor-widget-xpro-icon-box\" data-id=\"e6374c2\" data-element_type=\"widget\" data-widget_type=\"xpro-icon-box.default\">\n\t\t\t\t<div class=\"elementor-widget-container\">\n\t\t\t\r\n<a  class=\"xpro-box-icon-wrapper\">\r\n<div class=\"xpro-box-icon-wrapper-inner\">\r\n\t\r\n\t\t\t<span class=\"xpro-box-icon-item\">\r\n\t\t\t\t<i aria-hidden=\"true\" class=\"far fa-arrow-alt-circle-down\"><\/i>\t\t\t<\/span>\r\n\t\r\n\t<span class=\"xpro-box-icon-content\">\r\n\t\r\n\t\t\t\t\t<p class=\"xpro-box-icon-description\">Rozwoj infrastruktury sportowej\n<\/p>\r\n\t\t\t\t\t<\/span>\r\n\r\n<\/div>\r\n<\/a>\r\n\t\t<\/div>\n\t\t\t\t<\/div>\n\t\t\t\t<\/div>\n\t\t<div class=\"elementor-element elementor-element-8532451 e-con-full e-flex e-con e-child\" data-id=\"8532451\" data-element_type=\"container\" data-settings=\"{&quot;content_width&quot;:&quot;full&quot;}\">\n\t\t\t\t<div class=\"elementor-element elementor-element-4d62de7 xpro-content-align-mobileleft elementor-widget elementor-widget-xpro-icon-box\" data-id=\"4d62de7\" data-element_type=\"widget\" data-widget_type=\"xpro-icon-box.default\">\n\t\t\t\t<div class=\"elementor-widget-container\">\n\t\t\t\r\n<a  class=\"xpro-box-icon-wrapper\">\r\n<div class=\"xpro-box-icon-wrapper-inner\">\r\n\t\r\n\t\t\t<span class=\"xpro-box-icon-item\">\r\n\t\t\t\t<i aria-hidden=\"true\" class=\"far fa-arrow-alt-circle-down\"><\/i>\t\t\t<\/span>\r\n\t\r\n\t<span class=\"xpro-box-icon-content\">\r\n\t\r\n\t\t\t\t\t<p class=\"xpro-box-icon-description\">Wsparcie innowacji w obszarze kultury fizycznej i sportu\n<\/p>\r\n\t\t\t\t\t<\/span>\r\n\r\n<\/div>\r\n<\/a>\r\n\t\t<\/div>\n\t\t\t\t<\/div>\n\t\t\t\t<\/div>\n\t\t\t\t\t<\/div>\n\t\t\t\t<\/div>\n\t\t<div class=\"elementor-element elementor-element-c12d547 e-flex e-con-boxed e-con e-parent\" data-id=\"c12d547\" data-element_type=\"container\" data-settings=\"{&quot;content_width&quot;:&quot;boxed&quot;}\" data-core-v316-plus=\"true\">\n\t\t\t\t\t<div class=\"e-con-inner\">\n\t\t<div class=\"elementor-element elementor-element-bc3c22d e-con-full e-flex e-con e-child\" data-id=\"bc3c22d\" data-element_type=\"container\" data-settings=\"{&quot;content_width&quot;:&quot;full&quot;}\">\n\t\t\t\t<div class=\"elementor-element elementor-element-ba4a2f1 elementor-widget elementor-widget-text-editor\" data-id=\"ba4a2f1\" data-element_type=\"widget\" data-widget_type=\"text-editor.default\">\n\t\t\t\t<div class=\"elementor-widget-container\">\n\t\t\t<style>\/*! elementor - v3.16.0 - 20-09-2023 *\/\n.elementor-widget-text-editor.elementor-drop-cap-view-stacked .elementor-drop-cap{background-color:#69727d;color:#fff}.elementor-widget-text-editor.elementor-drop-cap-view-framed .elementor-drop-cap{color:#69727d;border:3px solid;background-color:transparent}.elementor-widget-text-editor:not(.elementor-drop-cap-view-default) .elementor-drop-cap{margin-top:8px}.elementor-widget-text-editor:not(.elementor-drop-cap-view-default) .elementor-drop-cap-letter{width:1em;height:1em}.elementor-widget-text-editor .elementor-drop-cap{float:left;text-align:center;line-height:1;font-size:50px}.elementor-widget-text-editor .elementor-drop-cap-letter{display:inline-block}<\/style>\t\t\t\t<p><strong>Zasadnicz\u0105 cz\u0119\u015b\u0107 dochod\u00f3w fundacji pochodz\u0105cych z darowizn i inwestycji planuje si\u0119 przeznaczy\u0107 na rozw\u00f3j sportu, wsparcie sportowc\u00f3w i popularyzacj\u0119 zdrowego stylu \u017cycia.<\/strong><\/p><p>\u00a0<\/p><p>Fundacja, mimo \u017ce jest stosunkowo nowa, zd\u0105\u017cy\u0142a ju\u017c wyrobi\u0107 sobie mark\u0119 na powa\u017cnych imprezach takich jak Masters League (turnieje tenisa sto\u0142owego junior\u00f3w i senior\u00f3w). Dzi\u0119ki kompetentnemu podej\u015bciu organizator\u00f3w projekty fundacji promowane s\u0105 w mediach spo\u0142eczno\u015bciowych i nie ograniczaj\u0105 si\u0119 geograficznie do Szczecina. Pawe\u0142 Kibala i Aleksandr Smirnov wraz z zespo\u0142em zamierzaj\u0105 poprzez fundacj\u0119 promowa\u0107 zdrowy tryb \u017cycia, nawi\u0105zywa\u0107 wymian\u0119 do\u015bwiadcze\u0144 pomi\u0119dzy sportowcami z r\u00f3\u017cnych region\u00f3w i kraj\u00f3w, zach\u0119ca\u0107 do osi\u0105gania sukces\u00f3w sportowych i poprawia\u0107 kondycj\u0119 niepe\u0142nosprawnych sportowc\u00f3w.<\/p><p>Odwied\u017a witryn\u0119 Fundacji Racketlon Masters, aby uzyska\u0107 najnowsze informacje na temat sport\u00f3w dzieci\u0119cych, tenisa sto\u0142owego, tenisa, badmintona i squasha. Je\u015bli czujesz si\u0119 na si\u0142ach, aby do\u0142\u0105czy\u0107 do zespo\u0142u i pom\u00f3c fundacji w projektach, zaproponowa\u0107 ciekawy pomys\u0142 sportowy lub przekaza\u0107 darowizn\u0119, skontaktuj si\u0119 z nami telefonicznie lub mailowo.<\/p>\t\t\t\t\t\t<\/div>\n\t\t\t\t<\/div>\n\t\t\t\t<\/div>\n\t\t<div class=\"elementor-element elementor-element-8e1f8be e-con-full e-flex e-con e-child\" data-id=\"8e1f8be\" data-element_type=\"container\" data-settings=\"{&quot;content_width&quot;:&quot;full&quot;}\">\n\t\t\t\t<div class=\"elementor-element elementor-element-2eda544 elementor-widget elementor-widget-image\" data-id=\"2eda544\" data-element_type=\"widget\" data-widget_type=\"image.default\">\n\t\t\t\t<div class=\"elementor-widget-container\">\n\t\t\t\t\t\t\t\t\t\t\t\t\t\t\t<img loading=\"lazy\" decoding=\"async\" width=\"1123\" height=\"750\" src=\"https:\/\/racketlonfoundation.com\/pl\/wp-content\/uploads\/2023\/09\/pexels-photo-209977.jpeg\" class=\"attachment-full size-full wp-image-605\" alt=\"\" srcset=\"https:\/\/racketlonfoundation.com\/pl\/wp-content\/uploads\/2023\/09\/pexels-photo-209977.jpeg 1123w, https:\/\/racketlonfoundation.com\/pl\/wp-content\/uploads\/2023\/09\/pexels-photo-209977-300x200.jpeg 300w, https:\/\/racketlonfoundation.com\/pl\/wp-content\/uploads\/2023\/09\/pexels-photo-209977-1024x684.jpeg 1024w, https:\/\/racketlonfoundation.com\/pl\/wp-content\/uploads\/2023\/09\/pexels-photo-209977-768x513.jpeg 768w\" sizes=\"auto, (max-width: 1123px) 100vw, 1123px\" \/>\t\t\t\t\t\t\t\t\t\t\t\t\t\t\t<\/div>\n\t\t\t\t<\/div>\n\t\t\t\t<\/div>\n\t\t\t\t\t<\/div>\n\t\t\t\t<\/div>\n\t\t\t\t\t\t\t<\/div>\n\t\t","protected":false},"excerpt":{"rendered":"<p>O funduszu Racketlon Masters Foundation Fundacja Racketlon Masters powsta\u0142a w 2023 roku. Racketlon to nowoczesne i dynamiczne po\u0142\u0105czenie czterech dyscyplin sportowych: tenisa, tenisa sto\u0142owego, badmintona i squasha. \u0141\u0105czy w sobie elementy aktywno\u015bci, strategii i szybkiego reagowania. G\u0142\u00f3wnym celem fundacji jest pomoc w rozwoju sport\u00f3w wchodz\u0105cych w sk\u0142ad racketlonu. Za\u0142o\u017cyciele funduszu Aleksandr Smirnov i Pawe\u0142 Kibala &hellip;<\/p>\n<p class=\"read-more\"> <a class=\"\" href=\"https:\/\/racketlonfoundation.com\/pl\/about-the-fund\/\"> <span class=\"screen-reader-text\">O funduszu<\/span> Read More &raquo;<\/a><\/p>\n","protected":false},"author":1,"featured_media":0,"parent":0,"menu_order":0,"comment_status":"closed","ping_status":"closed","template":"","meta":{"site-sidebar-layout":"no-sidebar","site-content-layout":"","ast-site-content-layout":"full-width-container","site-content-style":"default","site-sidebar-style":"default","ast-global-header-display":"","ast-banner-title-visibility":"","ast-main-header-display":"","ast-hfb-above-header-display":"","ast-hfb-below-header-display":"","ast-hfb-mobile-header-display":"","site-post-title":"disabled","ast-breadcrumbs-content":"","ast-featured-img":"disabled","footer-sml-layout":"","theme-transparent-header-meta":"","adv-header-id-meta":"","stick-header-meta":"","header-above-stick-meta":"","header-main-stick-meta":"","header-below-stick-meta":"","astra-migrate-meta-layouts":"","footnotes":""},"class_list":["post-581","page","type-page","status-publish","hentry"],"_links":{"self":[{"href":"https:\/\/racketlonfoundation.com\/pl\/wp-json\/wp\/v2\/pages\/581","targetHints":{"allow":["GET"]}}],"collection":[{"href":"https:\/\/racketlonfoundation.com\/pl\/wp-json\/wp\/v2\/pages"}],"about":[{"href":"https:\/\/racketlonfoundation.com\/pl\/wp-json\/wp\/v2\/types\/page"}],"author":[{"embeddable":true,"href":"https:\/\/racketlonfoundation.com\/pl\/wp-json\/wp\/v2\/users\/1"}],"replies":[{"embeddable":true,"href":"https:\/\/racketlonfoundation.com\/pl\/wp-json\/wp\/v2\/comments?post=581"}],"version-history":[{"count":56,"href":"https:\/\/racketlonfoundation.com\/pl\/wp-json\/wp\/v2\/pages\/581\/revisions"}],"predecessor-version":[{"id":1114,"href":"https:\/\/racketlonfoundation.com\/pl\/wp-json\/wp\/v2\/pages\/581\/revisions\/1114"}],"wp:attachment":[{"href":"https:\/\/racketlonfoundation.com\/pl\/wp-json\/wp\/v2\/media?parent=581"}],"curies":[{"name":"wp","href":"https:\/\/api.w.org\/{rel}","templated":true}]}}