{"id":542,"date":"2023-09-26T18:00:08","date_gmt":"2023-09-26T15:00:08","guid":{"rendered":"https:\/\/racketlonfoundation.com\/pl\/?page_id=542"},"modified":"2023-11-05T10:47:41","modified_gmt":"2023-11-05T07:47:41","slug":"our-team","status":"publish","type":"page","link":"https:\/\/racketlonfoundation.com\/pl\/our-team\/","title":{"rendered":"Zesp\u00f3\u0142"},"content":{"rendered":"\t\t<div data-elementor-type=\"wp-page\" data-elementor-id=\"542\" class=\"elementor elementor-542\">\n\t\t\t\t\t\t\t<div class=\"elementor-element elementor-element-eb4155f e-flex e-con-boxed e-con e-parent\" data-id=\"eb4155f\" data-element_type=\"container\" data-settings=\"{&quot;background_background&quot;:&quot;classic&quot;,&quot;content_width&quot;:&quot;boxed&quot;}\" data-core-v316-plus=\"true\">\n\t\t\t\t\t<div class=\"e-con-inner\">\n\t\t\t\t<div class=\"elementor-element elementor-element-0332b83 elementor-widget elementor-widget-heading\" data-id=\"0332b83\" data-element_type=\"widget\" data-widget_type=\"heading.default\">\n\t\t\t\t<div class=\"elementor-widget-container\">\n\t\t\t<style>\/*! elementor - v3.16.0 - 20-09-2023 *\/\n.elementor-heading-title{padding:0;margin:0;line-height:1}.elementor-widget-heading .elementor-heading-title[class*=elementor-size-]>a{color:inherit;font-size:inherit;line-height:inherit}.elementor-widget-heading .elementor-heading-title.elementor-size-small{font-size:15px}.elementor-widget-heading .elementor-heading-title.elementor-size-medium{font-size:19px}.elementor-widget-heading .elementor-heading-title.elementor-size-large{font-size:29px}.elementor-widget-heading .elementor-heading-title.elementor-size-xl{font-size:39px}.elementor-widget-heading .elementor-heading-title.elementor-size-xxl{font-size:59px}<\/style><h1 class=\"elementor-heading-title elementor-size-default\">Zesp\u00f3\u0142<\/h1>\t\t<\/div>\n\t\t\t\t<\/div>\n\t\t\t\t\t<\/div>\n\t\t\t\t<\/div>\n\t\t<div class=\"elementor-element elementor-element-65fe716 e-flex e-con-boxed e-con e-parent\" data-id=\"65fe716\" data-element_type=\"container\" data-settings=\"{&quot;content_width&quot;:&quot;boxed&quot;}\" data-core-v316-plus=\"true\">\n\t\t\t\t\t<div class=\"e-con-inner\">\n\t\t<div class=\"elementor-element elementor-element-c9533c9 e-con-full e-flex e-con e-child\" data-id=\"c9533c9\" data-element_type=\"container\" data-settings=\"{&quot;content_width&quot;:&quot;full&quot;}\">\n\t\t\t\t<\/div>\n\t\t<div class=\"elementor-element elementor-element-802c225 e-con-full e-flex e-con e-child\" data-id=\"802c225\" data-element_type=\"container\" data-settings=\"{&quot;content_width&quot;:&quot;full&quot;}\">\n\t\t\t\t<div class=\"elementor-element elementor-element-3c39d88 elementor-widget elementor-widget-xpro-team\" data-id=\"3c39d88\" data-element_type=\"widget\" data-settings=\"{&quot;layout&quot;:&quot;1&quot;}\" data-widget_type=\"xpro-team.default\">\n\t\t\t\t<div class=\"elementor-widget-container\">\n\t\t\t\n<div class=\"xpro-team-wrapper xpro-team-layout-1\">\n\t\n\t\t<div class=\"xpro-team-image\">\n\t\t<img loading=\"lazy\" decoding=\"async\" width=\"400\" height=\"502\" src=\"https:\/\/racketlonfoundation.com\/pl\/wp-content\/uploads\/2023\/11\/IMG-20231104-WA0016-1.jpg\" class=\"attachment-full size-full\" alt=\"\" srcset=\"https:\/\/racketlonfoundation.com\/pl\/wp-content\/uploads\/2023\/11\/IMG-20231104-WA0016-1.jpg 400w, https:\/\/racketlonfoundation.com\/pl\/wp-content\/uploads\/2023\/11\/IMG-20231104-WA0016-1-239x300.jpg 239w\" sizes=\"auto, (max-width: 400px) 100vw, 400px\" \/>\t\t\t\t<\/div>\n<div class=\"xpro-team-content\">\n\t\t\t\t<h2\tclass=\"xpro-team-title\">Pawe\u0142 Kibala<\/h2>\n\t\t\t<h4 class=\"xpro-team-designation\">prezes<\/h4>\n\t\t\n\t<ul class=\"xpro-team-social-list\">\n\t\t\t\t<li class=\"elementor-repeater-item-28a097b\">\n\t\t\t<span  target=\"_blank\" class=\"xpro-team-social-icon\">\n\t\t\t<i aria-hidden=\"true\" class=\"fab fa-facebook-f\"><\/i>\t\t\t<\/span>\n\t\t\t<\/li>\n\t\t\t\t<li class=\"elementor-repeater-item-31a3ed8\">\n\t\t\t<span  target=\"_blank\" class=\"xpro-team-social-icon\">\n\t\t\t<i aria-hidden=\"true\" class=\"fab fa-twitter\"><\/i>\t\t\t<\/span>\n\t\t\t<\/li>\n\t\t\t\t<li class=\"elementor-repeater-item-e16a31f\">\n\t\t\t<span  target=\"_blank\" class=\"xpro-team-social-icon\">\n\t\t\t<i aria-hidden=\"true\" class=\"fab fa-instagram\"><\/i>\t\t\t<\/span>\n\t\t\t<\/li>\n\t\t\t<\/ul>\n<\/div>\n<\/div>\n\t\t<\/div>\n\t\t\t\t<\/div>\n\t\t\t\t<\/div>\n\t\t<div class=\"elementor-element elementor-element-2e1caec e-con-full e-flex e-con e-child\" data-id=\"2e1caec\" data-element_type=\"container\" data-settings=\"{&quot;content_width&quot;:&quot;full&quot;}\">\n\t\t\t\t<div class=\"elementor-element elementor-element-aad3cf9 elementor-widget elementor-widget-xpro-team\" data-id=\"aad3cf9\" data-element_type=\"widget\" data-settings=\"{&quot;layout&quot;:&quot;1&quot;}\" data-widget_type=\"xpro-team.default\">\n\t\t\t\t<div class=\"elementor-widget-container\">\n\t\t\t\n<div class=\"xpro-team-wrapper xpro-team-layout-1\">\n\t\n\t\t<div class=\"xpro-team-image\">\n\t\t<img loading=\"lazy\" decoding=\"async\" width=\"295\" height=\"445\" src=\"https:\/\/racketlonfoundation.com\/pl\/wp-content\/uploads\/2023\/10\/DSM_7114.jpg\" class=\"attachment-full size-full\" alt=\"\" srcset=\"https:\/\/racketlonfoundation.com\/pl\/wp-content\/uploads\/2023\/10\/DSM_7114.jpg 295w, https:\/\/racketlonfoundation.com\/pl\/wp-content\/uploads\/2023\/10\/DSM_7114-199x300.jpg 199w\" sizes=\"auto, (max-width: 295px) 100vw, 295px\" \/>\t\t\t\t<\/div>\n<div class=\"xpro-team-content\">\n\t\t\t\t<h2\tclass=\"xpro-team-title\">Aleksandr Smirnov<\/h2>\n\t\t\t<h4 class=\"xpro-team-designation\">wiceprezes<\/h4>\n\t\t\n\t<ul class=\"xpro-team-social-list\">\n\t\t\t\t<li class=\"elementor-repeater-item-28a097b\">\n\t\t\t<span  target=\"_blank\" class=\"xpro-team-social-icon\">\n\t\t\t<i aria-hidden=\"true\" class=\"fab fa-facebook-f\"><\/i>\t\t\t<\/span>\n\t\t\t<\/li>\n\t\t\t\t<li class=\"elementor-repeater-item-31a3ed8\">\n\t\t\t<span  target=\"_blank\" class=\"xpro-team-social-icon\">\n\t\t\t<i aria-hidden=\"true\" class=\"fab fa-twitter\"><\/i>\t\t\t<\/span>\n\t\t\t<\/li>\n\t\t\t\t<li class=\"elementor-repeater-item-e16a31f\">\n\t\t\t<span  target=\"_blank\" class=\"xpro-team-social-icon\">\n\t\t\t<i aria-hidden=\"true\" class=\"fab fa-instagram\"><\/i>\t\t\t<\/span>\n\t\t\t<\/li>\n\t\t\t<\/ul>\n<\/div>\n<\/div>\n\t\t<\/div>\n\t\t\t\t<\/div>\n\t\t\t\t<\/div>\n\t\t<div class=\"elementor-element elementor-element-aacec20 e-con-full e-flex e-con e-child\" data-id=\"aacec20\" data-element_type=\"container\" data-settings=\"{&quot;content_width&quot;:&quot;full&quot;}\">\n\t\t\t\t<\/div>\n\t\t\t\t\t<\/div>\n\t\t\t\t<\/div>\n\t\t\t\t\t\t\t<\/div>\n\t\t","protected":false},"excerpt":{"rendered":"<p>Zesp\u00f3\u0142 Pawe\u0142 Kibala prezes Aleksandr Smirnov wiceprezes<\/p>\n","protected":false},"author":1,"featured_media":0,"parent":0,"menu_order":0,"comment_status":"closed","ping_status":"closed","template":"","meta":{"site-sidebar-layout":"no-sidebar","site-content-layout":"","ast-site-content-layout":"full-width-container","site-content-style":"default","site-sidebar-style":"default","ast-global-header-display":"","ast-banner-title-visibility":"","ast-main-header-display":"","ast-hfb-above-header-display":"","ast-hfb-below-header-display":"","ast-hfb-mobile-header-display":"","site-post-title":"disabled","ast-breadcrumbs-content":"","ast-featured-img":"disabled","footer-sml-layout":"","theme-transparent-header-meta":"","adv-header-id-meta":"","stick-header-meta":"","header-above-stick-meta":"","header-main-stick-meta":"","header-below-stick-meta":"","astra-migrate-meta-layouts":"","footnotes":""},"class_list":["post-542","page","type-page","status-publish","hentry"],"_links":{"self":[{"href":"https:\/\/racketlonfoundation.com\/pl\/wp-json\/wp\/v2\/pages\/542","targetHints":{"allow":["GET"]}}],"collection":[{"href":"https:\/\/racketlonfoundation.com\/pl\/wp-json\/wp\/v2\/pages"}],"about":[{"href":"https:\/\/racketlonfoundation.com\/pl\/wp-json\/wp\/v2\/types\/page"}],"author":[{"embeddable":true,"href":"https:\/\/racketlonfoundation.com\/pl\/wp-json\/wp\/v2\/users\/1"}],"replies":[{"embeddable":true,"href":"https:\/\/racketlonfoundation.com\/pl\/wp-json\/wp\/v2\/comments?post=542"}],"version-history":[{"count":47,"href":"https:\/\/racketlonfoundation.com\/pl\/wp-json\/wp\/v2\/pages\/542\/revisions"}],"predecessor-version":[{"id":1151,"href":"https:\/\/racketlonfoundation.com\/pl\/wp-json\/wp\/v2\/pages\/542\/revisions\/1151"}],"wp:attachment":[{"href":"https:\/\/racketlonfoundation.com\/pl\/wp-json\/wp\/v2\/media?parent=542"}],"curies":[{"name":"wp","href":"https:\/\/api.w.org\/{rel}","templated":true}]}}