{"id":18,"date":"2023-09-20T09:02:59","date_gmt":"2023-09-20T06:02:59","guid":{"rendered":"https:\/\/racketlonfoundation.com\/pl\/?page_id=18"},"modified":"2023-10-26T18:00:22","modified_gmt":"2023-10-26T15:00:22","slug":"%d0%b4%d0%be%d0%bc%d0%b0%d1%88%d0%bd%d0%b8%d0%b9-%d0%bf%d0%b5%d1%80%d0%b5%d0%b5%d0%b7%d0%b4","status":"publish","type":"page","link":"https:\/\/racketlonfoundation.com\/pl\/","title":{"rendered":"Home"},"content":{"rendered":"\t\t<div data-elementor-type=\"wp-page\" data-elementor-id=\"18\" class=\"elementor elementor-18\">\n\t\t\t\t\t\t\t<div class=\"elementor-element elementor-element-bb7c42d e-flex e-con-boxed e-con e-parent\" data-id=\"bb7c42d\" data-element_type=\"container\" data-settings=\"{&quot;background_background&quot;:&quot;slideshow&quot;,&quot;background_slideshow_gallery&quot;:[{&quot;id&quot;:200,&quot;url&quot;:&quot;https:\\\/\\\/racketlonfoundation.com\\\/pl\\\/wp-content\\\/uploads\\\/2023\\\/09\\\/pexels-gonzalo-facello-1432039.webp&quot;},{&quot;id&quot;:801,&quot;url&quot;:&quot;https:\\\/\\\/racketlonfoundation.com\\\/pl\\\/wp-content\\\/uploads\\\/2023\\\/09\\\/table-tennis-1208384_1920-2-_1_.webp&quot;},{&quot;id&quot;:202,&quot;url&quot;:&quot;https:\\\/\\\/racketlonfoundation.com\\\/pl\\\/wp-content\\\/uploads\\\/2023\\\/09\\\/pexels-cottonbro-studio-9654724.webp&quot;},{&quot;id&quot;:207,&quot;url&quot;:&quot;https:\\\/\\\/racketlonfoundation.com\\\/pl\\\/wp-content\\\/uploads\\\/2023\\\/09\\\/pexels-shvets-production-8007487.webp&quot;},{&quot;id&quot;:1038,&quot;url&quot;:&quot;https:\\\/\\\/racketlonfoundation.com\\\/pl\\\/wp-content\\\/uploads\\\/2023\\\/10\\\/dreamstimemaximum_93229516.jpg&quot;},{&quot;id&quot;:208,&quot;url&quot;:&quot;https:\\\/\\\/racketlonfoundation.com\\\/pl\\\/wp-content\\\/uploads\\\/2023\\\/09\\\/pexels-rdne-stock-project-8224683.webp&quot;},{&quot;id&quot;:204,&quot;url&quot;:&quot;https:\\\/\\\/racketlonfoundation.com\\\/pl\\\/wp-content\\\/uploads\\\/2023\\\/09\\\/pexels-rdne-stock-project-8223946.webp&quot;}],&quot;content_width&quot;:&quot;boxed&quot;,&quot;background_slideshow_loop&quot;:&quot;yes&quot;,&quot;background_slideshow_slide_duration&quot;:5000,&quot;background_slideshow_slide_transition&quot;:&quot;fade&quot;,&quot;background_slideshow_transition_duration&quot;:500}\" data-core-v316-plus=\"true\">\n\t\t\t\t\t<div class=\"e-con-inner\">\n\t\t\t\t<div class=\"elementor-element elementor-element-d69426f elementor-widget elementor-widget-heading\" data-id=\"d69426f\" data-element_type=\"widget\" data-widget_type=\"heading.default\">\n\t\t\t\t<div class=\"elementor-widget-container\">\n\t\t\t<style>\/*! elementor - v3.16.0 - 20-09-2023 *\/\n.elementor-heading-title{padding:0;margin:0;line-height:1}.elementor-widget-heading .elementor-heading-title[class*=elementor-size-]>a{color:inherit;font-size:inherit;line-height:inherit}.elementor-widget-heading .elementor-heading-title.elementor-size-small{font-size:15px}.elementor-widget-heading .elementor-heading-title.elementor-size-medium{font-size:19px}.elementor-widget-heading .elementor-heading-title.elementor-size-large{font-size:29px}.elementor-widget-heading .elementor-heading-title.elementor-size-xl{font-size:39px}.elementor-widget-heading .elementor-heading-title.elementor-size-xxl{font-size:59px}<\/style><h2 class=\"elementor-heading-title elementor-size-default\">Fundacja Racketlon Masters<\/h2>\t\t<\/div>\n\t\t\t\t<\/div>\n\t\t\t\t<div class=\"elementor-element elementor-element-aa936ed elementor-widget elementor-widget-heading\" data-id=\"aa936ed\" data-element_type=\"widget\" data-widget_type=\"heading.default\">\n\t\t\t\t<div class=\"elementor-widget-container\">\n\t\t\t<h2 class=\"elementor-heading-title elementor-size-default\">Rozpocznij gr\u0119<\/h2>\t\t<\/div>\n\t\t\t\t<\/div>\n\t\t\t\t\t<\/div>\n\t\t\t\t<\/div>\n\t\t<div class=\"elementor-element elementor-element-bd85cf1 e-flex e-con-boxed e-con e-parent\" data-id=\"bd85cf1\" data-element_type=\"container\" data-settings=\"{&quot;content_width&quot;:&quot;boxed&quot;}\" data-core-v316-plus=\"true\">\n\t\t\t\t\t<div class=\"e-con-inner\">\n\t\t\t\t<div class=\"elementor-element elementor-element-8b32dfc elementor-widget elementor-widget-heading\" data-id=\"8b32dfc\" data-element_type=\"widget\" data-widget_type=\"heading.default\">\n\t\t\t\t<div class=\"elementor-widget-container\">\n\t\t\t<h2 class=\"elementor-heading-title elementor-size-default\">Nasza misja<\/h2>\t\t<\/div>\n\t\t\t\t<\/div>\n\t\t\t\t\t<\/div>\n\t\t\t\t<\/div>\n\t\t<div class=\"elementor-element elementor-element-33373fc e-flex e-con-boxed e-con e-parent\" data-id=\"33373fc\" data-element_type=\"container\" data-settings=\"{&quot;content_width&quot;:&quot;boxed&quot;}\" data-core-v316-plus=\"true\">\n\t\t\t\t\t<div class=\"e-con-inner\">\n\t\t<div class=\"elementor-element elementor-element-fb9cd02 e-con-full e-flex e-con e-child\" data-id=\"fb9cd02\" data-element_type=\"container\" data-settings=\"{&quot;content_width&quot;:&quot;full&quot;,&quot;background_background&quot;:&quot;classic&quot;}\">\n\t\t\t\t<div class=\"elementor-element elementor-element-f608438 elementor-widget elementor-widget-heading\" data-id=\"f608438\" data-element_type=\"widget\" data-widget_type=\"heading.default\">\n\t\t\t\t<div class=\"elementor-widget-container\">\n\t\t\t<h3 class=\"elementor-heading-title elementor-size-default\">Wsparcie dla os\u00f3b niepe\u0142nosprawnych i dom\u00f3w dziecka<\/h3>\t\t<\/div>\n\t\t\t\t<\/div>\n\t\t\t\t<div class=\"elementor-element elementor-element-c1b5039 elementor-widget elementor-widget-spacer\" data-id=\"c1b5039\" data-element_type=\"widget\" data-widget_type=\"spacer.default\">\n\t\t\t\t<div class=\"elementor-widget-container\">\n\t\t\t<style>\/*! elementor - v3.16.0 - 20-09-2023 *\/\n.elementor-column .elementor-spacer-inner{height:var(--spacer-size)}.e-con{--container-widget-width:100%}.e-con-inner>.elementor-widget-spacer,.e-con>.elementor-widget-spacer{width:var(--container-widget-width,var(--spacer-size));--align-self:var(--container-widget-align-self,initial);--flex-shrink:0}.e-con-inner>.elementor-widget-spacer>.elementor-widget-container,.e-con>.elementor-widget-spacer>.elementor-widget-container{height:100%;width:100%}.e-con-inner>.elementor-widget-spacer>.elementor-widget-container>.elementor-spacer,.e-con>.elementor-widget-spacer>.elementor-widget-container>.elementor-spacer{height:100%}.e-con-inner>.elementor-widget-spacer>.elementor-widget-container>.elementor-spacer>.elementor-spacer-inner,.e-con>.elementor-widget-spacer>.elementor-widget-container>.elementor-spacer>.elementor-spacer-inner{height:var(--container-widget-height,var(--spacer-size))}.e-con-inner>.elementor-widget-spacer.elementor-widget-empty,.e-con>.elementor-widget-spacer.elementor-widget-empty{position:relative;min-height:22px;min-width:22px}.e-con-inner>.elementor-widget-spacer.elementor-widget-empty .elementor-widget-empty-icon,.e-con>.elementor-widget-spacer.elementor-widget-empty .elementor-widget-empty-icon{position:absolute;top:0;bottom:0;left:0;right:0;margin:auto;padding:0;width:22px;height:22px}<\/style>\t\t<div class=\"elementor-spacer\">\n\t\t\t<div class=\"elementor-spacer-inner\"><\/div>\n\t\t<\/div>\n\t\t\t\t<\/div>\n\t\t\t\t<\/div>\n\t\t\t\t<\/div>\n\t\t<div class=\"elementor-element elementor-element-ce4944d e-con-full e-flex e-con e-child\" data-id=\"ce4944d\" data-element_type=\"container\" data-settings=\"{&quot;content_width&quot;:&quot;full&quot;,&quot;background_background&quot;:&quot;classic&quot;}\">\n\t\t\t\t<div class=\"elementor-element elementor-element-760f0e6 elementor-widget elementor-widget-heading\" data-id=\"760f0e6\" data-element_type=\"widget\" data-widget_type=\"heading.default\">\n\t\t\t\t<div class=\"elementor-widget-container\">\n\t\t\t<h3 class=\"elementor-heading-title elementor-size-default\">Wspolpraca z federacjami<\/h3>\t\t<\/div>\n\t\t\t\t<\/div>\n\t\t\t\t<div class=\"elementor-element elementor-element-c1c47f1 elementor-widget elementor-widget-spacer\" data-id=\"c1c47f1\" data-element_type=\"widget\" data-widget_type=\"spacer.default\">\n\t\t\t\t<div class=\"elementor-widget-container\">\n\t\t\t\t\t<div class=\"elementor-spacer\">\n\t\t\t<div class=\"elementor-spacer-inner\"><\/div>\n\t\t<\/div>\n\t\t\t\t<\/div>\n\t\t\t\t<\/div>\n\t\t\t\t<\/div>\n\t\t<div class=\"elementor-element elementor-element-fac5c9d e-con-full e-flex e-con e-child\" data-id=\"fac5c9d\" data-element_type=\"container\" data-settings=\"{&quot;content_width&quot;:&quot;full&quot;,&quot;background_background&quot;:&quot;classic&quot;}\">\n\t\t\t\t<div class=\"elementor-element elementor-element-0d009ff elementor-widget elementor-widget-heading\" data-id=\"0d009ff\" data-element_type=\"widget\" data-widget_type=\"heading.default\">\n\t\t\t\t<div class=\"elementor-widget-container\">\n\t\t\t<h3 class=\"elementor-heading-title elementor-size-default\">Pomoc<\/h3>\t\t<\/div>\n\t\t\t\t<\/div>\n\t\t\t\t<div class=\"elementor-element elementor-element-bdf3079 elementor-widget elementor-widget-spacer\" data-id=\"bdf3079\" data-element_type=\"widget\" data-widget_type=\"spacer.default\">\n\t\t\t\t<div class=\"elementor-widget-container\">\n\t\t\t\t\t<div class=\"elementor-spacer\">\n\t\t\t<div class=\"elementor-spacer-inner\"><\/div>\n\t\t<\/div>\n\t\t\t\t<\/div>\n\t\t\t\t<\/div>\n\t\t\t\t<\/div>\n\t\t<div class=\"elementor-element elementor-element-6411ed6 e-con-full e-flex e-con e-child\" data-id=\"6411ed6\" data-element_type=\"container\" data-settings=\"{&quot;content_width&quot;:&quot;full&quot;,&quot;background_background&quot;:&quot;classic&quot;}\">\n\t\t\t\t<div class=\"elementor-element elementor-element-e210dc9 elementor-widget elementor-widget-heading\" data-id=\"e210dc9\" data-element_type=\"widget\" data-widget_type=\"heading.default\">\n\t\t\t\t<div class=\"elementor-widget-container\">\n\t\t\t<h3 class=\"elementor-heading-title elementor-size-default\">Organizacja turniejow<\/h3>\t\t<\/div>\n\t\t\t\t<\/div>\n\t\t\t\t<div class=\"elementor-element elementor-element-feb5eab elementor-widget elementor-widget-spacer\" data-id=\"feb5eab\" data-element_type=\"widget\" data-widget_type=\"spacer.default\">\n\t\t\t\t<div class=\"elementor-widget-container\">\n\t\t\t\t\t<div class=\"elementor-spacer\">\n\t\t\t<div class=\"elementor-spacer-inner\"><\/div>\n\t\t<\/div>\n\t\t\t\t<\/div>\n\t\t\t\t<\/div>\n\t\t\t\t<\/div>\n\t\t<div class=\"elementor-element elementor-element-79ba3aa e-con-full e-flex e-con e-child\" data-id=\"79ba3aa\" data-element_type=\"container\" data-settings=\"{&quot;content_width&quot;:&quot;full&quot;,&quot;background_background&quot;:&quot;classic&quot;}\">\n\t\t\t\t<div class=\"elementor-element elementor-element-61f4218 elementor-widget elementor-widget-heading\" data-id=\"61f4218\" data-element_type=\"widget\" data-widget_type=\"heading.default\">\n\t\t\t\t<div class=\"elementor-widget-container\">\n\t\t\t<h3 class=\"elementor-heading-title elementor-size-default\">Rozwoj infrastruktury sportowej<\/h3>\t\t<\/div>\n\t\t\t\t<\/div>\n\t\t\t\t<div class=\"elementor-element elementor-element-72ca0b7 elementor-widget elementor-widget-spacer\" data-id=\"72ca0b7\" data-element_type=\"widget\" data-widget_type=\"spacer.default\">\n\t\t\t\t<div class=\"elementor-widget-container\">\n\t\t\t\t\t<div class=\"elementor-spacer\">\n\t\t\t<div class=\"elementor-spacer-inner\"><\/div>\n\t\t<\/div>\n\t\t\t\t<\/div>\n\t\t\t\t<\/div>\n\t\t\t\t<\/div>\n\t\t<div class=\"elementor-element elementor-element-26fb4fa e-con-full e-flex e-con e-child\" data-id=\"26fb4fa\" data-element_type=\"container\" data-settings=\"{&quot;content_width&quot;:&quot;full&quot;,&quot;background_background&quot;:&quot;classic&quot;}\">\n\t\t\t\t<div class=\"elementor-element elementor-element-2044625 elementor-widget elementor-widget-heading\" data-id=\"2044625\" data-element_type=\"widget\" data-widget_type=\"heading.default\">\n\t\t\t\t<div class=\"elementor-widget-container\">\n\t\t\t<h3 class=\"elementor-heading-title elementor-size-default\">Wsparcie innowacji w obszarze kultury fizycznej i sportu <\/h3>\t\t<\/div>\n\t\t\t\t<\/div>\n\t\t\t\t<div class=\"elementor-element elementor-element-ec3f8a3 elementor-widget elementor-widget-spacer\" data-id=\"ec3f8a3\" data-element_type=\"widget\" data-widget_type=\"spacer.default\">\n\t\t\t\t<div class=\"elementor-widget-container\">\n\t\t\t\t\t<div class=\"elementor-spacer\">\n\t\t\t<div class=\"elementor-spacer-inner\"><\/div>\n\t\t<\/div>\n\t\t\t\t<\/div>\n\t\t\t\t<\/div>\n\t\t\t\t<\/div>\n\t\t\t\t\t<\/div>\n\t\t\t\t<\/div>\n\t\t<div class=\"elementor-element elementor-element-20b7aeb e-flex e-con-boxed e-con e-parent\" data-id=\"20b7aeb\" data-element_type=\"container\" data-settings=\"{&quot;content_width&quot;:&quot;boxed&quot;}\" data-core-v316-plus=\"true\">\n\t\t\t\t\t<div class=\"e-con-inner\">\n\t\t<div class=\"elementor-element elementor-element-2c5f144 e-con-full e-flex e-con e-child\" data-id=\"2c5f144\" data-element_type=\"container\" data-settings=\"{&quot;content_width&quot;:&quot;full&quot;}\">\n\t\t\t\t<div class=\"elementor-element elementor-element-f53493d elementor-widget elementor-widget-image\" data-id=\"f53493d\" data-element_type=\"widget\" data-widget_type=\"image.default\">\n\t\t\t\t<div class=\"elementor-widget-container\">\n\t\t\t<style>\/*! elementor - v3.16.0 - 20-09-2023 *\/\n.elementor-widget-image{text-align:center}.elementor-widget-image a{display:inline-block}.elementor-widget-image a img[src$=\".svg\"]{width:48px}.elementor-widget-image img{vertical-align:middle;display:inline-block}<\/style>\t\t\t\t\t\t\t\t\t\t\t\t<img loading=\"lazy\" decoding=\"async\" width=\"500\" height=\"500\" src=\"https:\/\/racketlonfoundation.com\/pl\/wp-content\/uploads\/2023\/09\/icon.jpg\" class=\"attachment-full size-full wp-image-339\" alt=\"\" srcset=\"https:\/\/racketlonfoundation.com\/pl\/wp-content\/uploads\/2023\/09\/icon.jpg 500w, https:\/\/racketlonfoundation.com\/pl\/wp-content\/uploads\/2023\/09\/icon-300x300.jpg 300w, https:\/\/racketlonfoundation.com\/pl\/wp-content\/uploads\/2023\/09\/icon-150x150.jpg 150w\" sizes=\"auto, (max-width: 500px) 100vw, 500px\" \/>\t\t\t\t\t\t\t\t\t\t\t\t\t\t\t<\/div>\n\t\t\t\t<\/div>\n\t\t\t\t<\/div>\n\t\t<div class=\"elementor-element elementor-element-c0c2478 e-con-full e-flex e-con e-child\" data-id=\"c0c2478\" data-element_type=\"container\" data-settings=\"{&quot;content_width&quot;:&quot;full&quot;}\">\n\t\t\t\t<div class=\"elementor-element elementor-element-c109f0e elementor-widget elementor-widget-heading\" data-id=\"c109f0e\" data-element_type=\"widget\" data-widget_type=\"heading.default\">\n\t\t\t\t<div class=\"elementor-widget-container\">\n\t\t\t<h3 class=\"elementor-heading-title elementor-size-default\">O funduszu<\/h3>\t\t<\/div>\n\t\t\t\t<\/div>\n\t\t\t\t<div class=\"elementor-element elementor-element-ce8e22f elementor-widget elementor-widget-heading\" data-id=\"ce8e22f\" data-element_type=\"widget\" data-widget_type=\"heading.default\">\n\t\t\t\t<div class=\"elementor-widget-container\">\n\t\t\t<span class=\"elementor-heading-title elementor-size-default\">Fundacja Racketlon Masters powsta\u0142a w 2023 roku. Racketlon to nowoczesne i dynamiczne po\u0142\u0105czenie czterech dyscyplin sportowych: tenisa, tenisa sto\u0142owego, badmintona i squasha. \u0141\u0105czy w sobie elementy aktywno\u015bci, strategii i szybkiego reagowania. G\u0142\u00f3wnym celem fundacji jest pomoc w rozwoju sport\u00f3w wchodz\u0105cych w sk\u0142ad racketlonu. Za\u0142o\u017cyciele funduszu Aleksandr Smirnov i Pawe\u0142 Kibala s\u0105 mistrzami sportu w tenisie sto\u0142owym i rozumiej\u0105, jak wa\u017cne jest wspieranie rozwijaj\u0105cych si\u0119 sportowc\u00f3w. Pawe\u0142 i Aleksandr przez ca\u0142\u0105 swoj\u0105 karier\u0119 pomogli i nadal pomagaj\u0105 wielu dzieciom odkrywa\u0107 ich talenty oraz zapewniaj\u0105c lepszy start dla tych, kt\u00f3rzy nie posiadaj\u0105 \u015brodk\u00f3w na w\u0142asny rozw\u00f3j, inwestuj\u0105c swoje wysi\u0142ki i zbieraj\u0105c pieni\u0105dze na promocj\u0119 sportu w\u015br\u00f3d dzieci i os\u00f3b niepe\u0142nosprawnych.<\/span>\t\t<\/div>\n\t\t\t\t<\/div>\n\t\t\t\t<div class=\"elementor-element elementor-element-9d07b17 elementor-widget elementor-widget-button\" data-id=\"9d07b17\" data-element_type=\"widget\" data-widget_type=\"button.default\">\n\t\t\t\t<div class=\"elementor-widget-container\">\n\t\t\t\t\t<div class=\"elementor-button-wrapper\">\n\t\t\t<a class=\"elementor-button elementor-button-link elementor-size-xs\" href=\"https:\/\/racketlonfoundation.com\/pl\/about-the-fund\/\">\n\t\t\t\t\t\t<span class=\"elementor-button-content-wrapper\">\n\t\t\t\t\t\t<span class=\"elementor-button-icon elementor-align-icon-right\">\n\t\t\t\t<i aria-hidden=\"true\" class=\"xi xi-caret-right\"><\/i>\t\t\t<\/span>\n\t\t\t\t\t\t<span class=\"elementor-button-text\">Za\u0142aduj wi\u0119cej<\/span>\n\t\t<\/span>\n\t\t\t\t\t<\/a>\n\t\t<\/div>\n\t\t\t\t<\/div>\n\t\t\t\t<\/div>\n\t\t\t\t<\/div>\n\t\t\t\t\t<\/div>\n\t\t\t\t<\/div>\n\t\t<div class=\"elementor-element elementor-element-38ce1db e-flex e-con-boxed e-con e-parent\" data-id=\"38ce1db\" data-element_type=\"container\" data-settings=\"{&quot;background_background&quot;:&quot;classic&quot;,&quot;content_width&quot;:&quot;boxed&quot;}\" data-core-v316-plus=\"true\">\n\t\t\t\t\t<div class=\"e-con-inner\">\n\t\t\t\t<div class=\"elementor-element elementor-element-268c168 elementor-widget elementor-widget-heading\" data-id=\"268c168\" data-element_type=\"widget\" data-widget_type=\"heading.default\">\n\t\t\t\t<div class=\"elementor-widget-container\">\n\t\t\t<h2 class=\"elementor-heading-title elementor-size-default\">Wiadomo\u015bci<\/h2>\t\t<\/div>\n\t\t\t\t<\/div>\n\t\t\t\t<div class=\"elementor-element elementor-element-41418be premium-blog-align-left elementor-widget elementor-widget-premium-addon-blog\" data-id=\"41418be\" data-element_type=\"widget\" data-settings=\"{&quot;premium_blog_columns_number&quot;:&quot;33.33%&quot;,&quot;premium_blog_grid&quot;:&quot;yes&quot;,&quot;premium_blog_layout&quot;:&quot;even&quot;,&quot;premium_blog_columns_number_tablet&quot;:&quot;50%&quot;,&quot;premium_blog_columns_number_mobile&quot;:&quot;100%&quot;}\" data-widget_type=\"premium-addon-blog.default\">\n\t\t\t\t<div class=\"elementor-widget-container\">\n\t\t\t\r\n\t\t\t\t<div class=\"premium-blog-wrap  premium-blog-even\" data-page=\"18\">\r\n\t\t\t\t\t<div class=\"premium-blog-post-outer-container\" data-total=\"1\">\r\n\t\t\t<div class=\"premium-blog-post-container premium-blog-skin-side\">\r\n\t\t\t\t\t\t\t\t\t<div class=\"premium-blog-thumb-effect-wrapper\">\r\n\t\t\t\t\t\t<div class=\"premium-blog-thumbnail-container premium-blog-zoomin-effect\">\r\n\t\t\t\t\t\t\t<img loading=\"lazy\" decoding=\"async\" width=\"300\" height=\"300\" src=\"https:\/\/racketlonfoundation.com\/pl\/wp-content\/uploads\/2023\/11\/icon-1.png\" class=\"attachment-full size-full wp-image-1143\" alt=\"\" srcset=\"https:\/\/racketlonfoundation.com\/pl\/wp-content\/uploads\/2023\/11\/icon-1.png 300w, https:\/\/racketlonfoundation.com\/pl\/wp-content\/uploads\/2023\/11\/icon-1-150x150.png 150w\" sizes=\"auto, (max-width: 300px) 100vw, 300px\" \/>\t\t\t\t\t\t<\/div>\r\n\t\t\t\t\t\t\t\t\t\t\t\t\t<div class=\"premium-blog-thumbnail-overlay\">\r\n\t\t\t\t\t\t\t\t<a class=\"elementor-icon\" href=\"https:\/\/racketlonfoundation.com\/pl\/2023\/11\/05\/nowa-wiedza-i-doswiadczenie\/\" target=\"_self\" aria-hidden=\"true\"><span>NOWA WIEDZA I DO\u015aWIADCZENIE<\/span><\/a>\r\n\t\t\t\t\t\t\t<\/div>\r\n\t\t\t\t\t\t\t\t\t\t\t<\/div>\r\n\t\t\t\t\t\t\t\t\t\t\t\t<div class=\"premium-blog-content-wrapper \">\r\n\r\n\t\t\t\t\t<div class=\"premium-blog-inner-container\">\r\n\r\n\t\t\t\t\t\t\t\t\t\t\t\t\t\t<h3 class=\"premium-blog-entry-title\">\r\n\t\t\t<a href=\"https:\/\/racketlonfoundation.com\/pl\/2023\/11\/05\/nowa-wiedza-i-doswiadczenie\/\" target=\"_self\">\r\n\t\t\t\tNOWA WIEDZA I DO\u015aWIADCZENIE\t\t\t<\/a>\r\n\t\t<\/h3>\r\n\t\t\t\t<div class=\"premium-blog-entry-meta\">\r\n\t\t\t\r\n\t\t\t\r\n\t\t\t\r\n\t\t\t\t\t<\/div>\r\n\t\t\r\n\t\t\t\t\t<\/div>\r\n\r\n\t\t\t\t\t\t\t<div class=\"premium-blob-content-inner-wrapper\">\r\n\t\t<p class=\"premium-blog-post-content\">Agencja Sportowa O\u00dc i Fundacja Racketlon Masters z przyjemno\u015bci\u0105 og\u0142aszaj\u0105 swoje partnerstwo. Obie firmy anga\u017cuj\u0105 si\u0119 w rozw\u00f3j sportu i tworzenie nowych \u2026<\/p>\t\t <\/div>\r\n\t\t \t\t\t\t\t\r\n\t\t\t\t<\/div>\r\n\t\t\t<\/div>\r\n\t\t<\/div>\r\n\r\n\t\t\t\t<div class=\"premium-blog-post-outer-container\" data-total=\"1\">\r\n\t\t\t<div class=\"premium-blog-post-container premium-blog-skin-side\">\r\n\t\t\t\t\t\t\t\t\t<div class=\"premium-blog-thumb-effect-wrapper\">\r\n\t\t\t\t\t\t<div class=\"premium-blog-thumbnail-container premium-blog-zoomin-effect\">\r\n\t\t\t\t\t\t\t<img loading=\"lazy\" decoding=\"async\" width=\"400\" height=\"267\" src=\"https:\/\/racketlonfoundation.com\/pl\/wp-content\/uploads\/2023\/09\/dreamstimemaximum_43814947.jpg\" class=\"attachment-full size-full wp-image-1131\" alt=\"\" srcset=\"https:\/\/racketlonfoundation.com\/pl\/wp-content\/uploads\/2023\/09\/dreamstimemaximum_43814947.jpg 400w, https:\/\/racketlonfoundation.com\/pl\/wp-content\/uploads\/2023\/09\/dreamstimemaximum_43814947-300x200.jpg 300w\" sizes=\"auto, (max-width: 400px) 100vw, 400px\" \/>\t\t\t\t\t\t<\/div>\r\n\t\t\t\t\t\t\t\t\t\t\t\t\t<div class=\"premium-blog-thumbnail-overlay\">\r\n\t\t\t\t\t\t\t\t<a class=\"elementor-icon\" href=\"https:\/\/racketlonfoundation.com\/pl\/2023\/09\/26\/news-1\/\" target=\"_self\" aria-hidden=\"true\"><span>WSP\u00d3\u0141PRACA<\/span><\/a>\r\n\t\t\t\t\t\t\t<\/div>\r\n\t\t\t\t\t\t\t\t\t\t\t<\/div>\r\n\t\t\t\t\t\t\t\t\t\t\t\t<div class=\"premium-blog-content-wrapper \">\r\n\r\n\t\t\t\t\t<div class=\"premium-blog-inner-container\">\r\n\r\n\t\t\t\t\t\t\t\t\t\t\t\t\t\t<h3 class=\"premium-blog-entry-title\">\r\n\t\t\t<a href=\"https:\/\/racketlonfoundation.com\/pl\/2023\/09\/26\/news-1\/\" target=\"_self\">\r\n\t\t\t\tWSP\u00d3\u0141PRACA\t\t\t<\/a>\r\n\t\t<\/h3>\r\n\t\t\t\t<div class=\"premium-blog-entry-meta\">\r\n\t\t\t\r\n\t\t\t\r\n\t\t\t\r\n\t\t\t\t\t<\/div>\r\n\t\t\r\n\t\t\t\t\t<\/div>\r\n\r\n\t\t\t\t\t\t\t<div class=\"premium-blob-content-inner-wrapper\">\r\n\t\t<p class=\"premium-blog-post-content\">Z dum\u0105 og\u0142aszamy wa\u017cne partnerstwo, kt\u00f3re \u0142\u0105czy nas obecnie z ZACHODNIOPOMORSKIM ZWI\u0104ZKIEM TENISA STO\u0141OWEGO. Ta wspania\u0142a wsp\u00f3\u0142praca obiecuje przynie\u015b\u0107 znacz\u0105ce korzy\u015bci nie \u2026<\/p>\t\t <\/div>\r\n\t\t \t\t\t\t\t\r\n\t\t\t\t<\/div>\r\n\t\t\t<\/div>\r\n\t\t<\/div>\r\n\r\n\t\t\t\t<\/div>\r\n\r\n\t\t\t\t<\/div>\n\t\t\t\t<\/div>\n\t\t\t\t\t<\/div>\n\t\t\t\t<\/div>\n\t\t\t\t\t\t\t<\/div>\n\t\t","protected":false},"excerpt":{"rendered":"<p>Fundacja Racketlon Masters Rozpocznij gr\u0119 Nasza misja Wsparcie dla os\u00f3b niepe\u0142nosprawnych i dom\u00f3w dziecka Wspolpraca z federacjami Pomoc Organizacja turniejow Rozwoj infrastruktury sportowej Wsparcie innowacji w obszarze kultury fizycznej i sportu O funduszu Fundacja Racketlon Masters powsta\u0142a w 2023 roku. Racketlon to nowoczesne i dynamiczne po\u0142\u0105czenie czterech dyscyplin sportowych: tenisa, tenisa sto\u0142owego, badmintona i squasha. &hellip;<\/p>\n<p class=\"read-more\"> <a class=\"\" href=\"https:\/\/racketlonfoundation.com\/pl\/2023\/09\/26\/news-1\/\"> <span class=\"screen-reader-text\">WSP\u00d3\u0141PRACA<\/span> Read More &raquo;<\/a><\/p>\n","protected":false},"author":1,"featured_media":0,"parent":0,"menu_order":0,"comment_status":"closed","ping_status":"closed","template":"","meta":{"site-sidebar-layout":"no-sidebar","site-content-layout":"","ast-site-content-layout":"full-width-container","site-content-style":"default","site-sidebar-style":"default","ast-global-header-display":"","ast-banner-title-visibility":"","ast-main-header-display":"","ast-hfb-above-header-display":"","ast-hfb-below-header-display":"","ast-hfb-mobile-header-display":"","site-post-title":"disabled","ast-breadcrumbs-content":"","ast-featured-img":"disabled","footer-sml-layout":"","theme-transparent-header-meta":"","adv-header-id-meta":"","stick-header-meta":"","header-above-stick-meta":"","header-main-stick-meta":"","header-below-stick-meta":"","astra-migrate-meta-layouts":"","footnotes":""},"class_list":["post-18","page","type-page","status-publish","hentry"],"_links":{"self":[{"href":"https:\/\/racketlonfoundation.com\/pl\/wp-json\/wp\/v2\/pages\/18","targetHints":{"allow":["GET"]}}],"collection":[{"href":"https:\/\/racketlonfoundation.com\/pl\/wp-json\/wp\/v2\/pages"}],"about":[{"href":"https:\/\/racketlonfoundation.com\/pl\/wp-json\/wp\/v2\/types\/page"}],"author":[{"embeddable":true,"href":"https:\/\/racketlonfoundation.com\/pl\/wp-json\/wp\/v2\/users\/1"}],"replies":[{"embeddable":true,"href":"https:\/\/racketlonfoundation.com\/pl\/wp-json\/wp\/v2\/comments?post=18"}],"version-history":[{"count":434,"href":"https:\/\/racketlonfoundation.com\/pl\/wp-json\/wp\/v2\/pages\/18\/revisions"}],"predecessor-version":[{"id":1141,"href":"https:\/\/racketlonfoundation.com\/pl\/wp-json\/wp\/v2\/pages\/18\/revisions\/1141"}],"wp:attachment":[{"href":"https:\/\/racketlonfoundation.com\/pl\/wp-json\/wp\/v2\/media?parent=18"}],"curies":[{"name":"wp","href":"https:\/\/api.w.org\/{rel}","templated":true}]}}